{"id":4366,"date":"2025-05-23T07:53:02","date_gmt":"2025-05-23T07:53:02","guid":{"rendered":"https:\/\/kocarkynacesty.cz\/cart\/"},"modified":"2026-01-17T23:25:14","modified_gmt":"2026-01-17T23:25:14","slug":"kosik","status":"publish","type":"page","link":"https:\/\/kocarkynacesty.cz\/en\/kosik\/","title":{"rendered":"Ko\u0161\u00edk"},"content":{"rendered":"\t\t<div data-elementor-type=\"wp-page\" data-elementor-id=\"4366\" class=\"elementor elementor-4366\" data-elementor-post-type=\"page\">\n\t\t\t\t<div class=\"elementor-element elementor-element-cce503b e-con-full e-flex e-con e-parent\" data-id=\"cce503b\" data-element_type=\"container\" data-e-type=\"container\">\n\t\t\t\t<div class=\"elementor-element elementor-element-5814b78 elementor-widget elementor-widget-heading\" data-id=\"5814b78\" data-element_type=\"widget\" data-e-type=\"widget\" data-widget_type=\"heading.default\">\n\t\t\t\t<div class=\"elementor-widget-container\">\n\t\t\t\t\t<h2 class=\"elementor-heading-title elementor-size-default\">V\u00e1\u0161 ko\u0161\u00edk<\/h2>\t\t\t\t<\/div>\n\t\t\t\t<\/div>\n\t\t\t\t<\/div>\n\t\t<div class=\"elementor-element elementor-element-4404f4ad e-con-full e-flex e-con e-parent\" data-id=\"4404f4ad\" data-element_type=\"container\" data-e-type=\"container\">\n\t\t<div class=\"elementor-element elementor-element-cbb5993 e-con-full e-flex e-con e-child\" data-id=\"cbb5993\" data-element_type=\"container\" data-e-type=\"container\">\n\t\t\t\t<div class=\"elementor-element elementor-element-ca6633a elementor-widget__width-initial elementor-widget-tablet__width-inherit elementor-widget-mobile__width-inherit elementor-widget elementor-widget-jet-cart-table\" data-id=\"ca6633a\" data-element_type=\"widget\" data-e-type=\"widget\" data-widget_type=\"jet-cart-table.default\">\n\t\t\t\t<div class=\"elementor-widget-container\">\n\t\t\t\t\t<div class=\"elementor-jet-cart-table jet-woo-builder\"><div class=\"woocommerce-notices-wrapper\"><\/div><p class=\"custom-empty-cart\">V\u00e1\u0161 ko\u0161\u00edk je pr\u00e1zdn\u00fd.<\/p><div class=\"wc-empty-cart-message\">\n\t<div class=\"cart-empty woocommerce-info\" role=\"status\">\n\t\tYour basket is currently empty.\t<\/div>\n<\/div><\/div>\t\t\t\t<\/div>\n\t\t\t\t<\/div>\n\t\t\t\t<div class=\"elementor-element elementor-element-66c8400 elementor-align-right elementor-tablet-align-justify elementor-widget-tablet__width-inherit elementor-widget elementor-widget-button\" data-id=\"66c8400\" data-element_type=\"widget\" data-e-type=\"widget\" data-widget_type=\"button.default\">\n\t\t\t\t<div class=\"elementor-widget-container\">\n\t\t\t\t\t\t\t\t\t<div class=\"elementor-button-wrapper\">\n\t\t\t\t\t<a class=\"elementor-button elementor-button-link elementor-size-sm\" href=\"https:\/\/kocarkynacesty.cz\/en\/detske-potreby\/\">\n\t\t\t\t\t\t<span class=\"elementor-button-content-wrapper\">\n\t\t\t\t\t\t\t\t\t<span class=\"elementor-button-text\">POKRA\u010cOVAT V N\u00c1KUPU<\/span>\n\t\t\t\t\t<\/span>\n\t\t\t\t\t<\/a>\n\t\t\t\t<\/div>\n\t\t\t\t\t\t\t\t<\/div>\n\t\t\t\t<\/div>\n\t\t\t\t<\/div>\n\t\t<div class=\"elementor-element elementor-element-b8dfbbc e-con-full e-flex e-con e-child\" data-id=\"b8dfbbc\" data-element_type=\"container\" data-e-type=\"container\">\n\t\t<div class=\"elementor-element elementor-element-b583262 e-con-full e-flex e-con e-child\" data-id=\"b583262\" data-element_type=\"container\" data-e-type=\"container\" data-settings=\"{&quot;background_background&quot;:&quot;classic&quot;,&quot;sticky&quot;:&quot;top&quot;,&quot;sticky_on&quot;:[&quot;desktop&quot;],&quot;sticky_offset&quot;:50,&quot;sticky_parent&quot;:&quot;yes&quot;,&quot;sticky_effects_offset&quot;:0,&quot;sticky_anchor_link_offset&quot;:0}\">\n\t\t\t\t<div class=\"elementor-element elementor-element-2bc81c5 elementor-widget elementor-widget-heading\" data-id=\"2bc81c5\" data-element_type=\"widget\" data-e-type=\"widget\" data-widget_type=\"heading.default\">\n\t\t\t\t<div class=\"elementor-widget-container\">\n\t\t\t\t\t<h2 class=\"elementor-heading-title elementor-size-default\">Souhrn objedn\u00e1vky<\/h2>\t\t\t\t<\/div>\n\t\t\t\t<\/div>\n\t\t\t\t<div class=\"elementor-element elementor-element-f27b3b9 elementor-widget__width-inherit elementor-widget elementor-widget-jet-cart-totals\" data-id=\"f27b3b9\" data-element_type=\"widget\" data-e-type=\"widget\" data-widget_type=\"jet-cart-totals.default\">\n\t\t\t\t<div class=\"elementor-widget-container\">\n\t\t\t\t\t<div class=\"elementor-jet-cart-totals jet-woo-builder\"><div class=\"cart_totals \">\n\n\t\n\t<h2>Basket totals<\/h2>\n\n\t<table cellspacing=\"0\" class=\"shop_table shop_table_responsive\">\n\n\t\t<tr class=\"cart-subtotal\">\n\t\t\t<th>Subtotal<\/th>\n\t\t\t<td data-title=\"Subtotal\"><span class=\"woocommerce-Price-amount amount\"><bdi>0&nbsp;<span class=\"woocommerce-Price-currencySymbol\">&#75;&#269;<\/span><\/bdi><\/span><\/td>\n\t\t<\/tr>\n\n\t\t\n\t\t\n\t\t\n\t\t\n\t\t\n\t\t<tr class=\"order-total\">\n\t\t\t<th>Total<\/th>\n\t\t\t<td data-title=\"Total\"><strong><span class=\"woocommerce-Price-amount amount\"><bdi>0&nbsp;<span class=\"woocommerce-Price-currencySymbol\">&#75;&#269;<\/span><\/bdi><\/span><\/strong> <\/td>\n\t\t<\/tr>\n\n\t\t\n\t<\/table>\n\n\t<div class=\"wc-proceed-to-checkout\">\n\t\t\n<a href=\"https:\/\/kocarkynacesty.cz\/en\/pokladna\/\" class=\"checkout-button button alt wc-forward\">\n\tProceed to checkout<\/a>\n\t<\/div>\n\n\t\n<\/div>\n<\/div>\t\t\t\t<\/div>\n\t\t\t\t<\/div>\n\t\t\t\t<\/div>\n\t\t\t\t<\/div>\n\t\t\t\t<\/div>\n\t\t\t\t<\/div>\n\t\t","protected":false},"excerpt":{"rendered":"<p>V\u00e1\u0161 ko\u0161\u00edk Mno\u017estv\u00ed Cena Joolz Aer+ Sage Greenod: 21.01.2026do: 24.01.2026 Joolz Aer+ Sage Greenod: 21.01.2026do: 24.01.2026 mno\u017estv\u00ed 720&nbsp;&#075;&#269; Vratn\u00e1 z\u00e1loha \u2013 Joolz Aer+ Sage Green&nbsp; Vratn\u00e1 z\u00e1loha \u2013 Joolz Aer+ Sage Green mno\u017estv\u00ed 4\u00a0000&nbsp;&#075;&#269; Bugaboo Butterfly Forest Greenod: 20.01.2026do: 23.01.2026 Bugaboo Butterfly Forest Greenod: 20.01.2026do: 23.01.2026 mno\u017estv\u00ed 720&nbsp;&#075;&#269; Vratn\u00e1 z\u00e1loha \u2013 Bugaboo Butterfly Forest Green&nbsp; [&hellip;]<\/p>\n","protected":false},"author":2,"featured_media":0,"parent":0,"menu_order":0,"comment_status":"closed","ping_status":"closed","template":"","meta":{"_monsterinsights_skip_tracking":false,"_monsterinsights_sitenote_active":false,"_monsterinsights_sitenote_note":"","_monsterinsights_sitenote_category":0,"footnotes":""},"class_list":["post-4366","page","type-page","status-publish","hentry"],"_links":{"self":[{"href":"https:\/\/kocarkynacesty.cz\/en\/wp-json\/wp\/v2\/pages\/4366","targetHints":{"allow":["GET"]}}],"collection":[{"href":"https:\/\/kocarkynacesty.cz\/en\/wp-json\/wp\/v2\/pages"}],"about":[{"href":"https:\/\/kocarkynacesty.cz\/en\/wp-json\/wp\/v2\/types\/page"}],"author":[{"embeddable":true,"href":"https:\/\/kocarkynacesty.cz\/en\/wp-json\/wp\/v2\/users\/2"}],"replies":[{"embeddable":true,"href":"https:\/\/kocarkynacesty.cz\/en\/wp-json\/wp\/v2\/comments?post=4366"}],"version-history":[{"count":328,"href":"https:\/\/kocarkynacesty.cz\/en\/wp-json\/wp\/v2\/pages\/4366\/revisions"}],"predecessor-version":[{"id":9961,"href":"https:\/\/kocarkynacesty.cz\/en\/wp-json\/wp\/v2\/pages\/4366\/revisions\/9961"}],"wp:attachment":[{"href":"https:\/\/kocarkynacesty.cz\/en\/wp-json\/wp\/v2\/media?parent=4366"}],"curies":[{"name":"wp","href":"https:\/\/api.w.org\/{rel}","templated":true}]}}