{"id":10045,"date":"2026-03-27T16:50:07","date_gmt":"2026-03-27T16:50:07","guid":{"rendered":"https:\/\/kocarkynacesty.cz\/?post_type=product&#038;p=10045"},"modified":"2026-04-27T06:29:43","modified_gmt":"2026-04-27T06:29:43","slug":"cestovni-lekarnicka-velka-2","status":"publish","type":"product","link":"https:\/\/kocarkynacesty.cz\/en\/product\/cestovni-lekarnicka-velka-2\/","title":{"rendered":"Cestovn\u00ed l\u00e9k\u00e1rni\u010dka velk\u00e1"},"content":{"rendered":"","protected":false},"excerpt":{"rendered":"<p>P\u0159enosn\u00fd box na l\u00e9ky s velkou kapacitou. Nezbytn\u00fd pro dom\u00e1cnost i cestov\u00e1n\u00ed.<\/p>","protected":false},"featured_media":10244,"comment_status":"open","ping_status":"closed","template":"","meta":{"_monsterinsights_skip_tracking":false,"_monsterinsights_sitenote_active":false,"_monsterinsights_sitenote_note":"","_monsterinsights_sitenote_category":0},"product_brand":[],"product_cat":[134,39],"product_tag":[],"pa_barva":[132],"pa_material":[70],"pa_rozmery":[131],"pa_vek":[],"class_list":{"0":"post-10045","1":"product","2":"type-product","3":"status-publish","4":"has-post-thumbnail","6":"product_cat-cestovni-lekarnicky","7":"product_cat-detske-cestovni-prislusenstvi","8":"pa_barva-cervena","9":"pa_material-polyester","10":"pa_rozmery-265x195-cm","12":"first","13":"instock","14":"shipping-taxable","15":"purchasable","16":"product-type-simple"},"_links":{"self":[{"href":"https:\/\/kocarkynacesty.cz\/en\/wp-json\/wp\/v2\/product\/10045","targetHints":{"allow":["GET"]}}],"collection":[{"href":"https:\/\/kocarkynacesty.cz\/en\/wp-json\/wp\/v2\/product"}],"about":[{"href":"https:\/\/kocarkynacesty.cz\/en\/wp-json\/wp\/v2\/types\/product"}],"replies":[{"embeddable":true,"href":"https:\/\/kocarkynacesty.cz\/en\/wp-json\/wp\/v2\/comments?post=10045"}],"wp:featuredmedia":[{"embeddable":true,"href":"https:\/\/kocarkynacesty.cz\/en\/wp-json\/wp\/v2\/media\/10244"}],"wp:attachment":[{"href":"https:\/\/kocarkynacesty.cz\/en\/wp-json\/wp\/v2\/media?parent=10045"}],"wp:term":[{"taxonomy":"product_brand","embeddable":true,"href":"https:\/\/kocarkynacesty.cz\/en\/wp-json\/wp\/v2\/product_brand?post=10045"},{"taxonomy":"product_cat","embeddable":true,"href":"https:\/\/kocarkynacesty.cz\/en\/wp-json\/wp\/v2\/product_cat?post=10045"},{"taxonomy":"product_tag","embeddable":true,"href":"https:\/\/kocarkynacesty.cz\/en\/wp-json\/wp\/v2\/product_tag?post=10045"},{"taxonomy":"pa_barva","embeddable":true,"href":"https:\/\/kocarkynacesty.cz\/en\/wp-json\/wp\/v2\/pa_barva?post=10045"},{"taxonomy":"pa_material","embeddable":true,"href":"https:\/\/kocarkynacesty.cz\/en\/wp-json\/wp\/v2\/pa_material?post=10045"},{"taxonomy":"pa_rozmery","embeddable":true,"href":"https:\/\/kocarkynacesty.cz\/en\/wp-json\/wp\/v2\/pa_rozmery?post=10045"},{"taxonomy":"pa_vek","embeddable":true,"href":"https:\/\/kocarkynacesty.cz\/en\/wp-json\/wp\/v2\/pa_vek?post=10045"}],"curies":[{"name":"wp","href":"https:\/\/api.w.org\/{rel}","templated":true}]}}