{"id":10047,"date":"2026-03-27T16:43:43","date_gmt":"2026-03-27T16:43:43","guid":{"rendered":"https:\/\/kocarkynacesty.cz\/?post_type=product&#038;p=10047"},"modified":"2026-05-03T17:31:02","modified_gmt":"2026-05-03T17:31:02","slug":"prenosny-organizer-vice-kapsovy","status":"publish","type":"product","link":"https:\/\/kocarkynacesty.cz\/en\/product\/prenosny-organizer-vice-kapsovy\/","title":{"rendered":"P\u0159enosn\u00fd organiz\u00e9r v\u00edce kapsov\u00fd"},"content":{"rendered":"","protected":false},"excerpt":{"rendered":"<p>P\u0159enosn\u00fd organiz\u00e9r na l\u00e9ky s v\u00edce kapsami. Vhodn\u00fd pomocn\u00edk na cest\u00e1ch, ale i na dom\u00e1c\u00ed pou\u017eit\u00ed.<\/p>","protected":false},"featured_media":10242,"comment_status":"open","ping_status":"closed","template":"","meta":{"_monsterinsights_skip_tracking":false,"_monsterinsights_sitenote_active":false,"_monsterinsights_sitenote_note":"","_monsterinsights_sitenote_category":0},"product_brand":[],"product_cat":[39,134],"product_tag":[],"pa_barva":[82],"pa_material":[70],"pa_rozmery":[105],"pa_vek":[],"class_list":{"0":"post-10047","1":"product","2":"type-product","3":"status-publish","4":"has-post-thumbnail","6":"product_cat-detske-cestovni-prislusenstvi","7":"product_cat-cestovni-lekarnicky","8":"pa_barva-seda","9":"pa_material-polyester","10":"pa_rozmery-26x12x205-cm","12":"first","13":"instock","14":"shipping-taxable","15":"purchasable","16":"product-type-simple"},"_links":{"self":[{"href":"https:\/\/kocarkynacesty.cz\/en\/wp-json\/wp\/v2\/product\/10047","targetHints":{"allow":["GET"]}}],"collection":[{"href":"https:\/\/kocarkynacesty.cz\/en\/wp-json\/wp\/v2\/product"}],"about":[{"href":"https:\/\/kocarkynacesty.cz\/en\/wp-json\/wp\/v2\/types\/product"}],"replies":[{"embeddable":true,"href":"https:\/\/kocarkynacesty.cz\/en\/wp-json\/wp\/v2\/comments?post=10047"}],"wp:featuredmedia":[{"embeddable":true,"href":"https:\/\/kocarkynacesty.cz\/en\/wp-json\/wp\/v2\/media\/10242"}],"wp:attachment":[{"href":"https:\/\/kocarkynacesty.cz\/en\/wp-json\/wp\/v2\/media?parent=10047"}],"wp:term":[{"taxonomy":"product_brand","embeddable":true,"href":"https:\/\/kocarkynacesty.cz\/en\/wp-json\/wp\/v2\/product_brand?post=10047"},{"taxonomy":"product_cat","embeddable":true,"href":"https:\/\/kocarkynacesty.cz\/en\/wp-json\/wp\/v2\/product_cat?post=10047"},{"taxonomy":"product_tag","embeddable":true,"href":"https:\/\/kocarkynacesty.cz\/en\/wp-json\/wp\/v2\/product_tag?post=10047"},{"taxonomy":"pa_barva","embeddable":true,"href":"https:\/\/kocarkynacesty.cz\/en\/wp-json\/wp\/v2\/pa_barva?post=10047"},{"taxonomy":"pa_material","embeddable":true,"href":"https:\/\/kocarkynacesty.cz\/en\/wp-json\/wp\/v2\/pa_material?post=10047"},{"taxonomy":"pa_rozmery","embeddable":true,"href":"https:\/\/kocarkynacesty.cz\/en\/wp-json\/wp\/v2\/pa_rozmery?post=10047"},{"taxonomy":"pa_vek","embeddable":true,"href":"https:\/\/kocarkynacesty.cz\/en\/wp-json\/wp\/v2\/pa_vek?post=10047"}],"curies":[{"name":"wp","href":"https:\/\/api.w.org\/{rel}","templated":true}]}}