{"id":10048,"date":"2026-02-21T21:06:55","date_gmt":"2026-02-21T21:06:55","guid":{"rendered":"https:\/\/kocarkynacesty.cz\/?post_type=product&#038;p=10048"},"modified":"2026-04-28T18:22:58","modified_gmt":"2026-04-28T18:22:58","slug":"domaci-lekarska-taska","status":"publish","type":"product","link":"https:\/\/kocarkynacesty.cz\/en\/product\/domaci-lekarska-taska\/","title":{"rendered":"Dom\u00e1c\u00ed l\u00e9ka\u0159sk\u00e1 ta\u0161ka"},"content":{"rendered":"","protected":false},"excerpt":{"rendered":"<p>Dom\u00e1c\u00ed l\u00e9ka\u0159sk\u00e1 ta\u0161ka. Cestovn\u00ed organiz\u00e9r na l\u00e9ky s \u00falo\u017en\u00fdm boxem.<\/p>","protected":false},"featured_media":10249,"comment_status":"open","ping_status":"closed","template":"","meta":{"_monsterinsights_skip_tracking":false,"_monsterinsights_sitenote_active":false,"_monsterinsights_sitenote_note":"","_monsterinsights_sitenote_category":0},"product_brand":[],"product_cat":[39,134],"product_tag":[],"pa_barva":[82],"pa_material":[70],"pa_rozmery":[133],"pa_vek":[],"class_list":{"0":"post-10048","1":"product","2":"type-product","3":"status-publish","4":"has-post-thumbnail","6":"product_cat-detske-cestovni-prislusenstvi","7":"product_cat-cestovni-lekarnicky","8":"pa_barva-seda","9":"pa_material-polyester","10":"pa_rozmery-28x19x16","12":"first","13":"instock","14":"shipping-taxable","15":"purchasable","16":"product-type-simple"},"_links":{"self":[{"href":"https:\/\/kocarkynacesty.cz\/en\/wp-json\/wp\/v2\/product\/10048","targetHints":{"allow":["GET"]}}],"collection":[{"href":"https:\/\/kocarkynacesty.cz\/en\/wp-json\/wp\/v2\/product"}],"about":[{"href":"https:\/\/kocarkynacesty.cz\/en\/wp-json\/wp\/v2\/types\/product"}],"replies":[{"embeddable":true,"href":"https:\/\/kocarkynacesty.cz\/en\/wp-json\/wp\/v2\/comments?post=10048"}],"wp:featuredmedia":[{"embeddable":true,"href":"https:\/\/kocarkynacesty.cz\/en\/wp-json\/wp\/v2\/media\/10249"}],"wp:attachment":[{"href":"https:\/\/kocarkynacesty.cz\/en\/wp-json\/wp\/v2\/media?parent=10048"}],"wp:term":[{"taxonomy":"product_brand","embeddable":true,"href":"https:\/\/kocarkynacesty.cz\/en\/wp-json\/wp\/v2\/product_brand?post=10048"},{"taxonomy":"product_cat","embeddable":true,"href":"https:\/\/kocarkynacesty.cz\/en\/wp-json\/wp\/v2\/product_cat?post=10048"},{"taxonomy":"product_tag","embeddable":true,"href":"https:\/\/kocarkynacesty.cz\/en\/wp-json\/wp\/v2\/product_tag?post=10048"},{"taxonomy":"pa_barva","embeddable":true,"href":"https:\/\/kocarkynacesty.cz\/en\/wp-json\/wp\/v2\/pa_barva?post=10048"},{"taxonomy":"pa_material","embeddable":true,"href":"https:\/\/kocarkynacesty.cz\/en\/wp-json\/wp\/v2\/pa_material?post=10048"},{"taxonomy":"pa_rozmery","embeddable":true,"href":"https:\/\/kocarkynacesty.cz\/en\/wp-json\/wp\/v2\/pa_rozmery?post=10048"},{"taxonomy":"pa_vek","embeddable":true,"href":"https:\/\/kocarkynacesty.cz\/en\/wp-json\/wp\/v2\/pa_vek?post=10048"}],"curies":[{"name":"wp","href":"https:\/\/api.w.org\/{rel}","templated":true}]}}